{"id":7361,"date":"2021-12-05T12:33:56","date_gmt":"2021-12-05T05:33:56","guid":{"rendered":"https:\/\/sansanhouse.com\/?post_type=product&#038;p=7361"},"modified":"2024-11-09T00:06:22","modified_gmt":"2024-11-08T17:06:22","slug":"may-xay-powerblend-3-braun","status":"publish","type":"product","link":"https:\/\/sansanhouse.com\/index.php\/product\/may-xay-powerblend-3-braun\/","title":{"rendered":"M\u00e1y xay PowerBlend 3 &#8211; Braun"},"content":{"rendered":"<div class=\"o9v6fnle cxmmr5t8 oygrvhab hcukyx3x c1et5uql ii04i59q\">\n<div dir=\"auto\">M\u00e1y xay sinh t\u1ed1 PowerBlend 3 Jug m\u1edbi gi\u00fap vi\u1ec7c chu\u1ea9n b\u1ecb th\u1ee9c \u0103n v\u00e0 \u0111\u1ed3 u\u1ed1ng y\u00eau th\u00edch c\u1ee7a b\u1ea1n tr\u1edf n\u00ean nhanh ch\u00f3ng v\u00e0 d\u1ec5 d\u00e0ng. B\u00ecnh \u0111\u1ef1ng th\u1ee9c \u0103n h\u00ecnh tam gi\u00e1c \u0111\u01b0\u1ee3c thi\u1ebft k\u1ebf \u0111\u1eb7c bi\u1ec7t v\u1edbi c\u00f4ng ngh\u1ec7 TriAction gi\u00fap tr\u1ed9n d\u1ec5 d\u00e0ng c\u00e1c lo\u1ea1i th\u1ef1c ph\u1ea9m. C\u00e1c c\u1ea1nh \u0111\u1ed9c \u0111\u00e1o c\u1ee7a n\u00f3 gi\u00fap tr\u00e1nh c\u00e1c \u0111i\u1ec3m m\u00f9 v\u00e0 chuy\u1ec3n h\u01b0\u1edbng c\u00e1c th\u00e0nh ph\u1ea7n \u0111\u1ebfn khu v\u1ef1c pha tr\u1ed9n nhanh h\u01a1n \u0111\u1ec3 mang l\u1ea1i k\u1ebft qu\u1ea3 tuy\u1ec7t v\u1eddi cho t\u1ea5t c\u1ea3 c\u00e1c c\u00f4ng th\u1ee9c n\u1ea5u \u0103n c\u1ee7a b\u1ea1n.<\/div>\n<\/div>\n<div class=\"o9v6fnle cxmmr5t8 oygrvhab hcukyx3x c1et5uql ii04i59q\">\n<div dir=\"auto\">D\u1ec5 d\u00e0ng \u0111\u1ec3 l\u00e0m s\u1ea1ch<\/div>\n<div dir=\"auto\"><\/div>\n<div dir=\"auto\">T\u1ea5t c\u1ea3 c\u00e1c b\u1ed9 ph\u1eadn \u0111\u1ec1u d\u1ec5 d\u00e0ng th\u00e1o r\u1eddi v\u00e0 c\u00f3 th\u1ec3 \u0111\u1eb7t tr\u1ef1c ti\u1ebfp v\u00e0o m\u00e1y r\u1eeda b\u00e1t, bao g\u1ed3m c\u1ed1c, n\u1eafp v\u00e0 th\u1eadm ch\u00ed c\u1ea3 l\u01b0\u1ee1i dao.<\/div>\n<\/div>\n<div class=\"o9v6fnle cxmmr5t8 oygrvhab hcukyx3x c1et5uql ii04i59q\">\n<div dir=\"auto\">K\u00ednh ch\u1ecbu nhi\u1ec7t<\/div>\n<div dir=\"auto\">Kh\u00f4ng c\u00f3 gi\u1edbi h\u1ea1n pha tr\u1ed9n &#8211; d\u1ec5 d\u00e0ng pha tr\u1ed9n n\u01b0\u1edbc s\u1ed1t, s\u00fap n\u00f3ng, \u0111\u1ed3 u\u1ed1ng c\u00f3 \u0111\u00e1 v\u00e0 h\u01a1n th\u1ebf n\u1eefa m\u00e0 kh\u00f4ng c\u00f3 nguy c\u01a1 b\u1ecb n\u1ee9t do nhi\u1ec7t.<\/div>\n<\/div>\n<div class=\"o9v6fnle cxmmr5t8 oygrvhab hcukyx3x c1et5uql ii04i59q\">\n<div dir=\"auto\">C\u00f4ng ngh\u1ec7 riAction<\/div>\n<div dir=\"auto\">Xay nhuy\u1ec5n t\u1ea5t c\u1ea3 c\u00e1c lo\u1ea1i th\u1ef1c ph\u1ea9m. Nh\u1edd v\u00e0o b\u00ecnh h\u00ecnh tam gi\u00e1c \u0111\u01b0\u1ee3c thi\u1ebft k\u1ebf \u0111\u1eb7c bi\u1ec7t, c\u00e1c \u0111i\u1ec3m m\u00f9 \u0111\u01b0\u1ee3c tr\u00e1nh v\u00e0 c\u00e1c th\u00e0nh ph\u1ea7n \u0111\u01b0\u1ee3c chuy\u1ec3n h\u01b0\u1edbng nhanh h\u01a1n \u0111\u1ebfn khu v\u1ef1c pha tr\u1ed9n.<\/div>\n<div dir=\"auto\"><\/div>\n<\/div>\n<div class=\"o9v6fnle cxmmr5t8 oygrvhab hcukyx3x c1et5uql ii04i59q\">\n<div dir=\"auto\">T\u1eadn h\u01b0\u1edfng s\u1ee9c m\u1ea1nh b\u1ea1n c\u1ea7n \u0111\u1ec3 tr\u1ed9n, xay nhuy\u1ec5n, \u0111\u00e1 nghi\u1ec1n v\u00e0 h\u01a1n th\u1ebf n\u1eefa. \u0110\u1ed9ng c\u01a1 800 watt hi\u1ec7u qu\u1ea3 cao gi\u00fap vi\u1ec7c chu\u1ea9n b\u1ecb th\u1ee9c \u0103n v\u00e0 \u0111\u1ed3 u\u1ed1ng y\u00eau th\u00edch c\u1ee7a b\u1ea1n tr\u1edf n\u00ean nhanh ch\u00f3ng v\u00e0 d\u1ec5 d\u00e0ng.<\/div>\n<\/div>\n<div class=\"o9v6fnle cxmmr5t8 oygrvhab hcukyx3x c1et5uql ii04i59q\">\n<div dir=\"auto\">2 l\u1ecd \u0111\u1ef1ng &#8211; 600 ml Smoothie2Go<\/div>\n<div dir=\"auto\">Th\u01b0\u1edfng th\u1ee9c sinh t\u1ed1 th\u01a1m ngon, m\u1edbi pha ho\u1eb7c \u0111\u1ed3 u\u1ed1ng c\u00f3 \u0111\u00e1 \u1edf b\u1ea5t c\u1ee9 \u0111\u00e2u b\u1ea1n th\u00edch: sau khi ch\u01a1i th\u1ec3 thao, t\u1ea1i v\u0103n ph\u00f2ng v\u00e0 khi \u0111ang di chuy\u1ec3n. Chai Smoothie2Go 600 ml \u0111\u01b0\u1ee3c l\u00e0m b\u1eb1ng Tritan \u2122: ch\u1ed1ng v\u1ee1, ch\u1ed1ng m\u00f9i v\u00e0 v\u1ecb. Tritan \u2122 l\u00e0 m\u1ed9t lo\u1ea1i nh\u1ef1a ch\u1eafc ch\u1eafn kh\u00f4ng ch\u1ee9a BPA mang l\u1ea1i \u0111\u1ed9 b\u1ec1n cho m\u00e1y r\u1eeda b\u00e1t.<\/div>\n<\/div>\n<div class=\"o9v6fnle cxmmr5t8 oygrvhab hcukyx3x c1et5uql ii04i59q\">\n<div dir=\"auto\">H\u1ec7 th\u1ed1ng l\u01b0\u1ee1i nghi\u1ec1n SmoothCrush<\/div>\n<div dir=\"auto\"><\/div>\n<div dir=\"auto\">V\u1ecb tr\u00ed l\u01b0\u1ee1i dao cao h\u01a1n cho ph\u00e9p l\u01b0u th\u00f4ng h\u1ed7n h\u1ee3p hi\u1ec7u qu\u1ea3, t\u1ea1o ra s\u1ef1 ho\u00e0n h\u1ea3o cho k\u1ebft qu\u1ea3 xay tr\u1ed9n t\u1ed1i \u01b0u.<\/div>\n<\/div>\n<div class=\"o9v6fnle cxmmr5t8 oygrvhab hcukyx3x c1et5uql ii04i59q\">\n<div dir=\"auto\">S\u1ef1 pha tr\u1ed9n im l\u1eb7ng<\/div>\n<div dir=\"auto\">\u0110\u01b0\u1ee3c thi\u1ebft k\u1ebf \u0111\u1ec3 gi\u1ea3m ti\u1ebfng \u1ed3n v\u00e0 pha tr\u1ed9n hi\u1ec7u qu\u1ea3 h\u01a1n, PowerBlend 3 cho ph\u00e9p b\u1ea1n xay sinh t\u1ed1 bu\u1ed5i s\u00e1ng m\u00e0 kh\u00f4ng c\u1ea7n \u0111\u00e1nh th\u1ee9c c\u1ea3 nh\u00e0.<\/div>\n<\/div>\n<div class=\"o9v6fnle cxmmr5t8 oygrvhab hcukyx3x c1et5uql ii04i59q\">\n<div dir=\"auto\">k\u00ednh ch\u1ed1ng hermo<\/div>\n<div dir=\"auto\"><\/div>\n<div dir=\"auto\">Kh\u00f4ng c\u00f3 gi\u1edbi h\u1ea1n pha tr\u1ed9n &#8211; d\u1ec5 d\u00e0ng pha tr\u1ed9n n\u01b0\u1edbc s\u1ed1t, s\u00fap n\u00f3ng, \u0111\u1ed3 u\u1ed1ng c\u00f3 \u0111\u00e1 v\u00e0 h\u01a1n th\u1ebf n\u1eefa m\u00e0 kh\u00f4ng c\u00f3 nguy c\u01a1 b\u1ecb n\u1ee9t do nhi\u1ec7t.<\/div>\n<\/div>\n<div class=\"o9v6fnle cxmmr5t8 oygrvhab hcukyx3x c1et5uql ii04i59q\">\n<div dir=\"auto\">b\u1ec1 m\u1eb7t th\u00e9p kh\u00f4ng g\u1ec9 nh\u1eafc nh\u1edf<\/div>\n<div dir=\"auto\">\u0110\u1ec3 c\u00f3 m\u1ed9t thi\u1ebft k\u1ebf nh\u00e0 b\u1ebfp thanh l\u1ecbch v\u00e0 hi\u1ec7n \u0111\u1ea1i<\/div>\n<\/div>\n","protected":false},"excerpt":{"rendered":"<p>M\u00e1y xay sinh t\u1ed1 PowerBlend 3 Jug m\u1edbi gi\u00fap vi\u1ec7c chu\u1ea9n b\u1ecb th\u1ee9c \u0103n v\u00e0 \u0111\u1ed3 u\u1ed1ng y\u00eau th\u00edch c\u1ee7a b\u1ea1n tr\u1edf n\u00ean nhanh ch\u00f3ng v\u00e0 d\u1ec5 d\u00e0ng. B\u00ecnh \u0111\u1ef1ng th\u1ee9c \u0103n h\u00ecnh tam gi\u00e1c \u0111\u01b0\u1ee3c thi\u1ebft k\u1ebf \u0111\u1eb7c bi\u1ec7t &hellip; <a href=\"https:\/\/sansanhouse.com\/index.php\/product\/may-xay-powerblend-3-braun\/\">Readmore<\/a><\/p>\n","protected":false},"featured_media":7363,"comment_status":"open","ping_status":"closed","template":"","meta":[],"product_cat":[167],"product_tag":[],"_links":{"self":[{"href":"https:\/\/sansanhouse.com\/index.php\/wp-json\/wp\/v2\/product\/7361"}],"collection":[{"href":"https:\/\/sansanhouse.com\/index.php\/wp-json\/wp\/v2\/product"}],"about":[{"href":"https:\/\/sansanhouse.com\/index.php\/wp-json\/wp\/v2\/types\/product"}],"replies":[{"embeddable":true,"href":"https:\/\/sansanhouse.com\/index.php\/wp-json\/wp\/v2\/comments?post=7361"}],"wp:featuredmedia":[{"embeddable":true,"href":"https:\/\/sansanhouse.com\/index.php\/wp-json\/wp\/v2\/media\/7363"}],"wp:attachment":[{"href":"https:\/\/sansanhouse.com\/index.php\/wp-json\/wp\/v2\/media?parent=7361"}],"wp:term":[{"taxonomy":"product_cat","embeddable":true,"href":"https:\/\/sansanhouse.com\/index.php\/wp-json\/wp\/v2\/product_cat?post=7361"},{"taxonomy":"product_tag","embeddable":true,"href":"https:\/\/sansanhouse.com\/index.php\/wp-json\/wp\/v2\/product_tag?post=7361"}],"curies":[{"name":"wp","href":"https:\/\/api.w.org\/{rel}","templated":true}]}}