{"id":7366,"date":"2021-12-05T12:35:55","date_gmt":"2021-12-05T05:35:55","guid":{"rendered":"https:\/\/sansanhouse.com\/?post_type=product&#038;p=7366"},"modified":"2024-11-09T00:05:44","modified_gmt":"2024-11-08T17:05:44","slug":"may-xay-bosch-multitalent-3","status":"publish","type":"product","link":"https:\/\/sansanhouse.com\/index.php\/product\/may-xay-bosch-multitalent-3\/","title":{"rendered":"M\u00e1y xay Bosch multitalent 3"},"content":{"rendered":"<div class=\"o9v6fnle cxmmr5t8 oygrvhab hcukyx3x c1et5uql ii04i59q\">\n<div dir=\"auto\">K\u00edch th\u01b0\u1edbc: 375 x 220 x 260 mm<\/div>\n<div dir=\"auto\">c\u00f4ng su\u1ea5t: 800 W<\/div>\n<div dir=\"auto\">S\u1ed1 c\u00e0i \u0111\u1eb7t t\u1ed1c \u0111\u1ed9: 2<\/div>\n<div dir=\"auto\">C\u00f4ng su\u1ea5t: 2,30 l<\/div>\n<div dir=\"auto\">H\u00e0m l\u01b0\u1ee3ng t\u1ed1i \u0111a c\u1ee7a b\u00e1t tr\u1ed9n cho b\u1ed9t nh\u00e0o: 0,8 kg<\/div>\n<div dir=\"auto\">Ch\u1ea5t li\u1ec7u c\u1ee7a t\u00f4 tr\u1ed9n: Nh\u1ef1a<\/div>\n<div dir=\"auto\"><\/div>\n<\/div>\n<div class=\"o9v6fnle cxmmr5t8 oygrvhab hcukyx3x c1et5uql ii04i59q\">\n<div dir=\"auto\">800 watt<\/div>\n<div dir=\"auto\">Dao \u0111a ch\u1ee9c n\u0103ng, th\u00e9p kh\u00f4ng g\u1ec9<\/div>\n<div dir=\"auto\">Ph\u1ee5 ki\u1ec7n \u0111i k\u00e8m<\/div>\n<div dir=\"auto\">2.3 l T\u00f4 tr\u1ed9n b\u1eb1ng nh\u1ef1a trong su\u1ed1t cho 500 g b\u1ed9t + nguy\u00ean li\u1ec7u (t\u1ed1i \u0111a 0,8 kg h\u1ed7n h\u1ee3p b\u1ed9t) bao g\u1ed3m n\u1eafp \u0111\u1eady c\u00f3 ph\u1ec5u v\u00e0 d\u1ee5ng c\u1ee5 nh\u1ed3i<\/div>\n<div dir=\"auto\">\u0110\u0129a c\u1eaft v\u00e0 th\u00e1i s\u1ee3i b\u1eb1ng th\u00e9p kh\u00f4ng g\u1ec9 c\u00f3 th\u1ec3 \u0111\u1ea3o ng\u01b0\u1ee3c<\/div>\n<div dir=\"auto\">D\u1ee5ng c\u1ee5 nh\u00e0o b\u1ed9t<\/div>\n<div dir=\"auto\">\u0110\u1eadp \u0111\u0129a cho kem v\u00e0 l\u00f2ng tr\u1eafng tr\u1ee9ng \u0111\u00e1nh b\u00f4ng<\/div>\n<\/div>\n<div dir=\"auto\"><\/div>\n<div class=\"o9v6fnle cxmmr5t8 oygrvhab hcukyx3x c1et5uql ii04i59q\">\n<div dir=\"auto\">T\u1ea5t c\u1ea3 \u0111\u1ed3 nh\u1ef1a ti\u1ebfp x\u00fac v\u1edbi th\u1ef1c ph\u1ea9m \u0111\u1ec1u kh\u00f4ng ch\u1ee9a BPA<\/div>\n<\/div>\n<div class=\"o9v6fnle cxmmr5t8 oygrvhab hcukyx3x c1et5uql ii04i59q\">\n<div dir=\"auto\">N\u1eafp v\u00e0 b\u00e1t kh\u00f3a an to\u00e0n<\/div>\n<div dir=\"auto\">S\u1eed d\u1ee5ng an to\u00e0n: h\u00fat cao su \u0111\u1ec3 \u1ed5n \u0111\u1ecbnh h\u01a1n v\u00e0 an to\u00e0n h\u01a1n.<\/div>\n<\/div>\n<div class=\"o9v6fnle cxmmr5t8 oygrvhab hcukyx3x c1et5uql ii04i59q\">\n<div dir=\"auto\">SmartStorage: l\u01b0u tr\u1eef c\u00e1c ph\u1ee5 ki\u1ec7n ti\u00eau chu\u1ea9n tr\u1ef1c ti\u1ebfp trong b\u00e1t<\/div>\n<div dir=\"auto\">L\u01b0u tr\u1eef d\u1ec5 d\u00e0ng: T\u00edch h\u1ee3p b\u1ed9 l\u01b0u tr\u1eef c\u00e1p \u0111\u1ec3 l\u01b0u tr\u1eef c\u00e1p \u0111\u01a1n gi\u1ea3n v\u00e0 nhanh ch\u00f3ng<\/div>\n<\/div>\n","protected":false},"excerpt":{"rendered":"<p>K\u00edch th\u01b0\u1edbc: 375 x 220 x 260 mm c\u00f4ng su\u1ea5t: 800 W S\u1ed1 c\u00e0i \u0111\u1eb7t t\u1ed1c \u0111\u1ed9: 2 C\u00f4ng su\u1ea5t: 2,30 l H\u00e0m l\u01b0\u1ee3ng t\u1ed1i \u0111a c\u1ee7a b\u00e1t tr\u1ed9n cho b\u1ed9t nh\u00e0o: 0,8 kg Ch\u1ea5t li\u1ec7u c\u1ee7a t\u00f4 tr\u1ed9n: Nh\u1ef1a &hellip; <a href=\"https:\/\/sansanhouse.com\/index.php\/product\/may-xay-bosch-multitalent-3\/\">Readmore<\/a><\/p>\n","protected":false},"featured_media":7368,"comment_status":"open","ping_status":"closed","template":"","meta":[],"product_cat":[167],"product_tag":[80],"_links":{"self":[{"href":"https:\/\/sansanhouse.com\/index.php\/wp-json\/wp\/v2\/product\/7366"}],"collection":[{"href":"https:\/\/sansanhouse.com\/index.php\/wp-json\/wp\/v2\/product"}],"about":[{"href":"https:\/\/sansanhouse.com\/index.php\/wp-json\/wp\/v2\/types\/product"}],"replies":[{"embeddable":true,"href":"https:\/\/sansanhouse.com\/index.php\/wp-json\/wp\/v2\/comments?post=7366"}],"wp:featuredmedia":[{"embeddable":true,"href":"https:\/\/sansanhouse.com\/index.php\/wp-json\/wp\/v2\/media\/7368"}],"wp:attachment":[{"href":"https:\/\/sansanhouse.com\/index.php\/wp-json\/wp\/v2\/media?parent=7366"}],"wp:term":[{"taxonomy":"product_cat","embeddable":true,"href":"https:\/\/sansanhouse.com\/index.php\/wp-json\/wp\/v2\/product_cat?post=7366"},{"taxonomy":"product_tag","embeddable":true,"href":"https:\/\/sansanhouse.com\/index.php\/wp-json\/wp\/v2\/product_tag?post=7366"}],"curies":[{"name":"wp","href":"https:\/\/api.w.org\/{rel}","templated":true}]}}