{"id":7374,"date":"2021-12-05T12:41:52","date_gmt":"2021-12-05T05:41:52","guid":{"rendered":"https:\/\/sansanhouse.com\/?post_type=product&#038;p=7374"},"modified":"2025-07-13T17:58:32","modified_gmt":"2025-07-13T10:58:32","slug":"tat-chong-truot-danh-cho-be-di-trong-nha","status":"publish","type":"product","link":"https:\/\/sansanhouse.com\/index.php\/product\/tat-chong-truot-danh-cho-be-di-trong-nha\/","title":{"rendered":"T\u1ea5t ch\u1ed1ng tr\u01b0\u1ee3t cho b\u00e9"},"content":{"rendered":"<div class=\"o9v6fnle cxmmr5t8 oygrvhab hcukyx3x c1et5uql ii04i59q\">\n<div dir=\"auto\">H\u1ed3ng: 1-2 tu\u1ed5i<\/div>\n<div dir=\"auto\">Xanh: 3-4 tu\u1ed5i<\/div>\n<\/div>\n<div class=\"o9v6fnle cxmmr5t8 oygrvhab hcukyx3x c1et5uql ii04i59q\">\n<div dir=\"auto\">V\u1edb c\u00f3 n\u00fat PUSBLU<\/div>\n<div dir=\"auto\">T\u1ea5t tho\u1ea3i m\u00e1i v\u1edbi \u0111\u1ebf ch\u1ed1ng tr\u01b0\u1ee3t<\/div>\n<div dir=\"auto\">T\u1ea5t c\u00f3 n\u00fat b\u00e1m l\u00e0 m\u1ed9t s\u1ef1 thay th\u1ebf thi\u1ebft th\u1ef1c cho d\u00e9p \u0111i trong nh\u00e0<\/div>\n<div dir=\"auto\">V\u1edbi \u0111\u00f4i t\u1ea5t c\u00f3 n\u00fat b\u1ea5m PUSBLU n\u00e0y, con y\u00eau c\u1ee7a b\u1ea1n c\u00f3 th\u1ec3 \u0111i tr\u00ean b\u1ec1 m\u1eb7t nh\u1eb5n m\u00e0 kh\u00f4ng b\u1ecb tr\u01b0\u1ee3t ng\u00e3. V\u1edb c\u00f3 n\u00fat c\u0169ng l\u00e0 m\u1ed9t s\u1ef1 thay th\u1ebf tuy\u1ec7t v\u1eddi cho d\u00e9p \u0111i trong nh\u00e0 &#8211; kh\u00f4ng ch\u1ec9 \u1edf nh\u00e0, m\u00e0 c\u00f2n \u1edf nh\u00e0 tr\u1ebb ho\u1eb7c nh\u00e0 tr\u1ebb. V\u1edb c\u00f3 n\u00fat \u0111\u1eb7c bi\u1ec7t thi\u1ebft th\u1ef1c cho nh\u1eefng b\u01b0\u1edbc \u0111i \u0111\u1ea7u ti\u00ean v\u00e0 h\u1ed7 tr\u1ee3 th\u00eam cho nh\u1eefng \u0111\u1ee9a tr\u1ebb nh\u1ecf. T\u1ea5t c\u00f3 \u0111\u1ebf ch\u1ed1ng tr\u01b0\u1ee3t gi\u00fap ch\u1ed1ng tr\u01b0\u1ee3t. Khu\u00f4n m\u1eb7t c\u00e1o d\u1ec5 th\u01b0\u01a1ng nhanh ch\u00f3ng khi\u1ebfn nh\u1eefng \u0111\u00f4i t\u1ea5t tr\u1edf th\u00e0nh m\u1ed9t trong nh\u1eefng m\u00f3n \u0111\u1ed3 m\u1edbi \u0111\u01b0\u1ee3c y\u00eau th\u00edch trong t\u1ee7 \u0111\u1ed3.<\/div>\n<\/div>\n","protected":false},"excerpt":{"rendered":"<p>H\u1ed3ng: 1-2 tu\u1ed5i Xanh: 3-4 tu\u1ed5i V\u1edb c\u00f3 n\u00fat PUSBLU T\u1ea5t tho\u1ea3i m\u00e1i v\u1edbi \u0111\u1ebf ch\u1ed1ng tr\u01b0\u1ee3t T\u1ea5t c\u00f3 n\u00fat b\u00e1m l\u00e0 m\u1ed9t s\u1ef1 thay th\u1ebf thi\u1ebft th\u1ef1c cho d\u00e9p \u0111i trong nh\u00e0 V\u1edbi \u0111\u00f4i t\u1ea5t c\u00f3 n\u00fat b\u1ea5m PUSBLU &hellip; <a href=\"https:\/\/sansanhouse.com\/index.php\/product\/tat-chong-truot-danh-cho-be-di-trong-nha\/\">Readmore<\/a><\/p>\n","protected":false},"featured_media":7376,"comment_status":"open","ping_status":"closed","template":"","meta":[],"product_cat":[169],"product_tag":[],"_links":{"self":[{"href":"https:\/\/sansanhouse.com\/index.php\/wp-json\/wp\/v2\/product\/7374"}],"collection":[{"href":"https:\/\/sansanhouse.com\/index.php\/wp-json\/wp\/v2\/product"}],"about":[{"href":"https:\/\/sansanhouse.com\/index.php\/wp-json\/wp\/v2\/types\/product"}],"replies":[{"embeddable":true,"href":"https:\/\/sansanhouse.com\/index.php\/wp-json\/wp\/v2\/comments?post=7374"}],"wp:featuredmedia":[{"embeddable":true,"href":"https:\/\/sansanhouse.com\/index.php\/wp-json\/wp\/v2\/media\/7376"}],"wp:attachment":[{"href":"https:\/\/sansanhouse.com\/index.php\/wp-json\/wp\/v2\/media?parent=7374"}],"wp:term":[{"taxonomy":"product_cat","embeddable":true,"href":"https:\/\/sansanhouse.com\/index.php\/wp-json\/wp\/v2\/product_cat?post=7374"},{"taxonomy":"product_tag","embeddable":true,"href":"https:\/\/sansanhouse.com\/index.php\/wp-json\/wp\/v2\/product_tag?post=7374"}],"curies":[{"name":"wp","href":"https:\/\/api.w.org\/{rel}","templated":true}]}}