{"id":7377,"date":"2021-12-05T12:43:49","date_gmt":"2021-12-05T05:43:49","guid":{"rendered":"https:\/\/sansanhouse.com\/?post_type=product&#038;p=7377"},"modified":"2021-12-22T09:42:51","modified_gmt":"2021-12-22T02:42:51","slug":"vo-abs-cho-be-bang-len-moi-huu-co","status":"publish","type":"product","link":"https:\/\/sansanhouse.com\/index.php\/product\/vo-abs-cho-be-bang-len-moi-huu-co\/","title":{"rendered":"V\u1edb ABS len h\u1eefu c\u01a1 cho b\u00e9"},"content":{"rendered":"<div class=\"o9v6fnle cxmmr5t8 oygrvhab hcukyx3x c1et5uql ii04i59q\">\n<div dir=\"auto\">Gi\u1edbi t\u00ednh: Unisex d\u00e0nh cho c\u1ea3 b\u00e9 trai v\u00e0 b\u00e9 g\u00e1i \u0111\u1ec1u \u0111\u01b0\u1ee3c.<\/div>\n<div dir=\"auto\">M\u00e0u n\u00e2u heo: 1-2 tu\u1ed5i<\/div>\n<div dir=\"auto\">M\u00e0u xanh b\u00ed \u0111\u1ecf: 3-4 tu\u1ed5i<\/div>\n<div dir=\"auto\">100% VIRGIN WOOL t\u1eeb ch\u0103n nu\u00f4i h\u1eefu c\u01a1 c\u00f3 ki\u1ec3m so\u00e1t<\/div>\n<\/div>\n<div class=\"o9v6fnle cxmmr5t8 oygrvhab hcukyx3x c1et5uql ii04i59q\">\n<div dir=\"auto\">Vui l\u00f2ng l\u01b0u \u00fd c\u00e1c h\u01b0\u1edbng d\u1eabn b\u1ea3o qu\u1ea3n sau:<\/div>\n<div dir=\"auto\">Gi\u1eb7t tay, t\u1ed1i \u0111a. 30 \u00b0 C<\/div>\n<div dir=\"auto\"><\/div>\n<div dir=\"auto\">S\u1eed d\u1ee5ng ch\u1ea5t t\u1ea9y len, kh\u00f4ng c\u00f3 ch\u1ea5t l\u00e0m m\u1ec1m v\u1ea3i<\/div>\n<div dir=\"auto\">Quay nhanh v\u1edbi t\u1ed1i \u0111a 600 v\u00f2ng quay<\/div>\n<\/div>\n<div class=\"o9v6fnle cxmmr5t8 oygrvhab hcukyx3x c1et5uql ii04i59q\">\n<div dir=\"auto\">V\u1edb len tr\u1ebb em t\u1eeb ALANA b\u1eb1ng ABS<\/div>\n<div dir=\"auto\">len m\u1edbi b\u00f9 nhi\u1ec7t \u0111\u1ed9 c\u00f3 t\u00e1c d\u1ee5ng l\u00e0m \u1ea5m khi tr\u1eddi l\u1ea1nh v\u00e0 l\u00e0m m\u00e1t \u1edf nhi\u1ec7t \u0111\u1ed9 \u1ea5m<\/div>\n<div dir=\"auto\">100% len m\u1edbi h\u1eefu c\u01a1 (GOTS ch\u1ee9ng nh\u1eadn)<\/div>\n<div dir=\"auto\"><\/div>\n<div dir=\"auto\">T\u1ea5t ABS gi\u1eef \u1ea5m t\u1eeb ALANA gi\u1eef cho \u0111\u00f4i ch\u00e2n b\u00e9 nh\u1ecf c\u1ee7a b\u00e9 lu\u00f4n \u1ea5m \u00e1p v\u00e0 mang \u0111\u1ebfn cho b\u00e9 c\u1ea3m gi\u00e1c an to\u00e0n. Nh\u1edd c\u00f3 c\u00e1c n\u00fam silicon ch\u1ed1ng tr\u01b0\u1ee3t, b\u00e9 c\u00f3 th\u1ec3 \u0111i l\u1ea1i an to\u00e0n \u1edf nh\u00e0 trong v\u00e0i th\u00e1ng \u0111\u1ea7u ti\u00ean, ngay c\u1ea3 khi kh\u00f4ng c\u00f3 gi\u00e0y. N\u00fam v\u1eb7n n\u00fat ch\u1eb7n ch\u1ed1ng tr\u01b0\u1ee3t tr\u00ean b\u1ec1 m\u1eb7t nh\u1eb5n. B\u1eb1ng c\u00e1ch n\u00e0y, t\u1ea5t h\u1ed7 tr\u1ee3 con b\u1ea1n trong nh\u1eefng l\u1ea7n \u0111\u1ea7u ti\u00ean t\u1eadp b\u00f2 v\u00e0 ch\u1ea1y. Lo\u1ea1i len m\u1edbi h\u1eefu c\u01a1 \u0111\u01b0\u1ee3c s\u1eed d\u1ee5ng mang \u0111\u1ebfn cho b\u00e9 s\u1ef1 \u1ea5m \u00e1p \u1ea5m \u00e1p trong nhi\u1ec7t \u0111\u1ed9 l\u1ea1nh. Tuy nhi\u00ean, khi tr\u1eddi \u1ea5m b\u00ean ngo\u00e0i, ch\u1ea5t li\u1ec7u t\u1ef1 nhi\u00ean tho\u00e1ng kh\u00ed c\u00f3 t\u00e1c d\u1ee5ng l\u00e0m m\u00e1t d\u1ec5 ch\u1ecbu.<\/div>\n<div dir=\"auto\"><\/div>\n<div dir=\"auto\">V\u1edbi \u0111\u00f4i t\u1ea5t ABS cho b\u00e9 n\u00e0y, b\u00e9 s\u1ebd kh\u00f4ng b\u1ecb l\u1ea1nh ch\u00e2n nh\u1edd l\u1edbp len m\u1edbi \u0111i\u1ec1u nhi\u1ec7t. Len l\u00e0 ch\u1ea5t li\u1ec7u l\u00fd t\u01b0\u1edfng cho tr\u1ebb s\u01a1 sinh v\u00ec n\u00f3 \u1ea5m \u00e1p d\u1ec5 ch\u1ecbu v\u00e0o m\u00f9a \u0111\u00f4ng nh\u01b0ng l\u1ea1i l\u00e0m m\u00e1t da d\u1ec5 ch\u1ecbu v\u00e0o m\u00f9a h\u00e8. Len h\u1eefu c\u01a1 m\u1edbi \u0111\u01b0\u1ee3c s\u1eed d\u1ee5ng n\u1eb1m tho\u1ea3i m\u00e1i tr\u00ean da em b\u00e9 v\u00e0 v\u00f2ng b\u00edt m\u1ec1m \u0111\u1ea3m b\u1ea3o m\u1ee9c \u0111\u1ed9 tho\u1ea3i m\u00e1i cao m\u00e0 kh\u00f4ng c\u00f3 c\u00e1c \u0111i\u1ec3m t\u00ec \u0111\u00e8 kh\u00f3 ch\u1ecbu. C\u00e1c n\u00fam ABS ch\u1ed1ng tr\u01b0\u1ee3t gi\u00fap b\u00e9 an to\u00e0n h\u01a1n tr\u00ean s\u00e0n nh\u1eb5n v\u00e0 h\u1ed7 tr\u1ee3 con y\u00eau c\u1ee7a b\u1ea1n trong nh\u1eefng l\u1ea7n \u0111\u1ea7u ti\u00ean \u0111\u1ee9ng v\u00e0 ch\u1ea1y.<\/div>\n<\/div>\n","protected":false},"excerpt":{"rendered":"<p>Gi\u1edbi t\u00ednh: Unisex d\u00e0nh cho c\u1ea3 b\u00e9 trai v\u00e0 b\u00e9 g\u00e1i \u0111\u1ec1u \u0111\u01b0\u1ee3c. M\u00e0u n\u00e2u heo: 1-2 tu\u1ed5i M\u00e0u xanh b\u00ed \u0111\u1ecf: 3-4 tu\u1ed5i 100% VIRGIN WOOL t\u1eeb ch\u0103n nu\u00f4i h\u1eefu c\u01a1 c\u00f3 ki\u1ec3m so\u00e1t Vui l\u00f2ng l\u01b0u \u00fd c\u00e1c &hellip; <a href=\"https:\/\/sansanhouse.com\/index.php\/product\/vo-abs-cho-be-bang-len-moi-huu-co\/\">Readmore<\/a><\/p>\n","protected":false},"featured_media":7379,"comment_status":"open","ping_status":"closed","template":"","meta":[],"product_cat":[169],"product_tag":[80],"_links":{"self":[{"href":"https:\/\/sansanhouse.com\/index.php\/wp-json\/wp\/v2\/product\/7377"}],"collection":[{"href":"https:\/\/sansanhouse.com\/index.php\/wp-json\/wp\/v2\/product"}],"about":[{"href":"https:\/\/sansanhouse.com\/index.php\/wp-json\/wp\/v2\/types\/product"}],"replies":[{"embeddable":true,"href":"https:\/\/sansanhouse.com\/index.php\/wp-json\/wp\/v2\/comments?post=7377"}],"wp:featuredmedia":[{"embeddable":true,"href":"https:\/\/sansanhouse.com\/index.php\/wp-json\/wp\/v2\/media\/7379"}],"wp:attachment":[{"href":"https:\/\/sansanhouse.com\/index.php\/wp-json\/wp\/v2\/media?parent=7377"}],"wp:term":[{"taxonomy":"product_cat","embeddable":true,"href":"https:\/\/sansanhouse.com\/index.php\/wp-json\/wp\/v2\/product_cat?post=7377"},{"taxonomy":"product_tag","embeddable":true,"href":"https:\/\/sansanhouse.com\/index.php\/wp-json\/wp\/v2\/product_tag?post=7377"}],"curies":[{"name":"wp","href":"https:\/\/api.w.org\/{rel}","templated":true}]}}